{"id":258,"date":"2021-01-09T15:20:28","date_gmt":"2021-01-09T14:20:28","guid":{"rendered":"https:\/\/kks-minden.de\/?page_id=258"},"modified":"2021-01-09T15:20:28","modified_gmt":"2021-01-09T14:20:28","slug":"wahlpflicht-kurse-an-der-kaethe","status":"publish","type":"page","link":"https:\/\/kks-minden.de\/?page_id=258","title":{"rendered":"Wahlpflicht Kurse an der K\u00e4the"},"content":{"rendered":"\n<div class=\"wp-block-media-text alignwide is-stacked-on-mobile\"><figure class=\"wp-block-media-text__media\"><a href=\"https:\/\/kks-minden.de\/wp-content\/uploads\/2021\/01\/bundestag-369049_960_720.png\"><img decoding=\"async\" loading=\"lazy\" width=\"960\" height=\"640\" src=\"https:\/\/kks-minden.de\/wp-content\/uploads\/2021\/01\/bundestag-369049_960_720.png\" alt=\"\" class=\"wp-image-261 size-full\" srcset=\"https:\/\/kks-minden.de\/wp-content\/uploads\/2021\/01\/bundestag-369049_960_720.png 960w, https:\/\/kks-minden.de\/wp-content\/uploads\/2021\/01\/bundestag-369049_960_720-300x200.png 300w, https:\/\/kks-minden.de\/wp-content\/uploads\/2021\/01\/bundestag-369049_960_720-768x512.png 768w, https:\/\/kks-minden.de\/wp-content\/uploads\/2021\/01\/bundestag-369049_960_720-624x416.png 624w\" sizes=\"(max-width: 960px) 100vw, 960px\" \/><\/a><\/figure><div class=\"wp-block-media-text__content\">\n<blockquote class=\"wp-block-quote is-style-large\"><p><a href=\"https:\/\/drive.google.com\/file\/d\/1o06vnqw1WbGodWzZV9T0XZ97QBqEXLCA\/view?usp=sharing\" target=\"_blank\" rel=\"noreferrer noopener\">WP-SoWi<\/a><\/p><p>Sozialwissenschaft, Geschichte, Politik und Gesellschaft verstehen lernen.<\/p><\/blockquote>\n<\/div><\/div>\n\n\n\n<div class=\"wp-block-media-text alignwide is-stacked-on-mobile\"><figure class=\"wp-block-media-text__media\"><img decoding=\"async\" loading=\"lazy\" width=\"960\" height=\"640\" src=\"https:\/\/kks-minden.de\/wp-content\/uploads\/2021\/01\/environmental-protection-326923_960_720.png\" alt=\"\" class=\"wp-image-262 size-full\" srcset=\"https:\/\/kks-minden.de\/wp-content\/uploads\/2021\/01\/environmental-protection-326923_960_720.png 960w, https:\/\/kks-minden.de\/wp-content\/uploads\/2021\/01\/environmental-protection-326923_960_720-300x200.png 300w, https:\/\/kks-minden.de\/wp-content\/uploads\/2021\/01\/environmental-protection-326923_960_720-768x512.png 768w, https:\/\/kks-minden.de\/wp-content\/uploads\/2021\/01\/environmental-protection-326923_960_720-624x416.png 624w\" sizes=\"(max-width: 960px) 100vw, 960px\" \/><\/figure><div class=\"wp-block-media-text__content\">\n<blockquote class=\"wp-block-quote is-style-large\"><p><a href=\"https:\/\/drive.google.com\/file\/d\/1fVAp8e8q4FtZtZshuh8ubxulmuXTDeqN\/view?usp=sharing\" target=\"_blank\" rel=\"noreferrer noopener\">WP-Biologie<\/a><\/p><cite>Die Lehre vom Leben, Lebewesen, \u00d6kologie, Genetik und der Umwelt.<\/cite><\/blockquote>\n<\/div><\/div>\n\n\n\n<div class=\"wp-block-media-text alignwide is-stacked-on-mobile\"><figure class=\"wp-block-media-text__media\"><img decoding=\"async\" loading=\"lazy\" width=\"960\" height=\"640\" src=\"https:\/\/kks-minden.de\/wp-content\/uploads\/2021\/01\/gears-1236578_960_720.png\" alt=\"\" class=\"wp-image-263 size-full\" srcset=\"https:\/\/kks-minden.de\/wp-content\/uploads\/2021\/01\/gears-1236578_960_720.png 960w, https:\/\/kks-minden.de\/wp-content\/uploads\/2021\/01\/gears-1236578_960_720-300x200.png 300w, https:\/\/kks-minden.de\/wp-content\/uploads\/2021\/01\/gears-1236578_960_720-768x512.png 768w, https:\/\/kks-minden.de\/wp-content\/uploads\/2021\/01\/gears-1236578_960_720-624x416.png 624w\" sizes=\"(max-width: 960px) 100vw, 960px\" \/><\/figure><div class=\"wp-block-media-text__content\">\n<blockquote class=\"wp-block-quote is-style-large\"><p><a href=\"https:\/\/drive.google.com\/file\/d\/1_KrBVjxGetVutv8fP1r9QJCAUTnSIfvF\/view?usp=sharing\" target=\"_blank\" rel=\"noreferrer noopener\">WP-Technik<\/a><\/p><p>Technik, Arbeitslehre, Handwerk und Elektrotechnik.<\/p><\/blockquote>\n<\/div><\/div>\n\n\n\n<div class=\"wp-block-media-text alignwide is-stacked-on-mobile\"><figure class=\"wp-block-media-text__media\"><img decoding=\"async\" loading=\"lazy\" width=\"481\" height=\"720\" src=\"https:\/\/kks-minden.de\/wp-content\/uploads\/2021\/01\/eiffel-2789943_960_720.jpg\" alt=\"\" class=\"wp-image-259 size-full\" srcset=\"https:\/\/kks-minden.de\/wp-content\/uploads\/2021\/01\/eiffel-2789943_960_720.jpg 481w, https:\/\/kks-minden.de\/wp-content\/uploads\/2021\/01\/eiffel-2789943_960_720-200x300.jpg 200w\" sizes=\"(max-width: 481px) 100vw, 481px\" \/><\/figure><div class=\"wp-block-media-text__content\">\n<blockquote class=\"wp-block-quote is-style-large\"><p><a href=\"https:\/\/drive.google.com\/file\/d\/1KHOcgbtJBH_qYi_ZWbsyP6HDXKNlhv2w\/view?usp=sharing\" target=\"_blank\" rel=\"noreferrer noopener\">WP-Franz\u00f6sisch<\/a><\/p><p>Die Fremdsprache mit der gr\u00f6\u00dften Eleganz, gesprochen auf jedem Kontinent!<\/p><p><\/p><\/blockquote>\n<\/div><\/div>\n","protected":false},"excerpt":{"rendered":"<p>WP-SoWi Sozialwissenschaft, Geschichte, Politik und Gesellschaft verstehen lernen. WP-Biologie Die Lehre vom Leben, Lebewesen, \u00d6kologie, Genetik und der Umwelt. WP-Technik Technik, Arbeitslehre, Handwerk und Elektrotechnik. WP-Franz\u00f6sisch Die Fremdsprache mit der gr\u00f6\u00dften Eleganz, gesprochen auf jedem Kontinent!<\/p>\n","protected":false},"author":1,"featured_media":0,"parent":0,"menu_order":0,"comment_status":"closed","ping_status":"closed","template":"","meta":{"ngg_post_thumbnail":0},"_links":{"self":[{"href":"https:\/\/kks-minden.de\/index.php?rest_route=\/wp\/v2\/pages\/258"}],"collection":[{"href":"https:\/\/kks-minden.de\/index.php?rest_route=\/wp\/v2\/pages"}],"about":[{"href":"https:\/\/kks-minden.de\/index.php?rest_route=\/wp\/v2\/types\/page"}],"author":[{"embeddable":true,"href":"https:\/\/kks-minden.de\/index.php?rest_route=\/wp\/v2\/users\/1"}],"replies":[{"embeddable":true,"href":"https:\/\/kks-minden.de\/index.php?rest_route=%2Fwp%2Fv2%2Fcomments&post=258"}],"version-history":[{"count":1,"href":"https:\/\/kks-minden.de\/index.php?rest_route=\/wp\/v2\/pages\/258\/revisions"}],"predecessor-version":[{"id":265,"href":"https:\/\/kks-minden.de\/index.php?rest_route=\/wp\/v2\/pages\/258\/revisions\/265"}],"wp:attachment":[{"href":"https:\/\/kks-minden.de\/index.php?rest_route=%2Fwp%2Fv2%2Fmedia&parent=258"}],"curies":[{"name":"wp","href":"https:\/\/api.w.org\/{rel}","templated":true}]}}